{"id":442,"date":"2023-03-28T20:01:27","date_gmt":"2023-03-28T20:01:27","guid":{"rendered":"https:\/\/whitesmoke-aardvark-940049.hostingersite.com\/caribeindustrialpr\/?page_id=442"},"modified":"2024-05-30T15:52:23","modified_gmt":"2024-05-30T15:52:23","slug":"gracias","status":"publish","type":"page","link":"https:\/\/caribeindustrialpr.com\/en\/gracias\/","title":{"rendered":"Gracias"},"content":{"rendered":"<div data-elementor-type=\"wp-page\" data-elementor-id=\"442\" class=\"elementor elementor-442\" data-elementor-settings=\"{&quot;ha_cmc_init_switcher&quot;:&quot;no&quot;}\">\n\t\t\t\t\t\t<section class=\"elementor-section elementor-top-section elementor-element elementor-element-f97d97f elementor-section-full_width elementor-section-height-default elementor-section-height-default\" data-id=\"f97d97f\" data-element_type=\"section\" data-e-type=\"section\" data-settings=\"{&quot;jet_parallax_layout_list&quot;:[],&quot;_ha_eqh_enable&quot;:false}\">\n\t\t\t\t\t\t<div class=\"elementor-container elementor-column-gap-default\">\n\t\t\t\t\t<div class=\"elementor-column elementor-col-50 elementor-top-column elementor-element elementor-element-907e610\" data-id=\"907e610\" data-element_type=\"column\" data-e-type=\"column\" data-settings=\"{&quot;background_background&quot;:&quot;classic&quot;}\">\n\t\t\t<div class=\"elementor-widget-wrap elementor-element-populated\">\n\t\t\t\t\t\t<div class=\"elementor-element elementor-element-a6b1ddf elementor-widget elementor-widget-spacer\" data-id=\"a6b1ddf\" data-element_type=\"widget\" data-e-type=\"widget\" data-widget_type=\"spacer.default\">\n\t\t\t\t<div class=\"elementor-widget-container\">\n\t\t\t\t\t\t\t<div class=\"elementor-spacer\">\n\t\t\t<div class=\"elementor-spacer-inner\"><\/div>\n\t\t<\/div>\n\t\t\t\t\t\t<\/div>\n\t\t\t\t<\/div>\n\t\t\t\t\t<\/div>\n\t\t<\/div>\n\t\t\t\t<div class=\"elementor-column elementor-col-50 elementor-top-column elementor-element elementor-element-77a497e\" data-id=\"77a497e\" data-element_type=\"column\" data-e-type=\"column\">\n\t\t\t<div class=\"elementor-widget-wrap elementor-element-populated\">\n\t\t\t\t\t\t<div class=\"elementor-element elementor-element-cadc875 elementor-align-center elementor-widget elementor-widget-jet-lottie\" data-id=\"cadc875\" data-element_type=\"widget\" data-e-type=\"widget\" data-widget_type=\"jet-lottie.default\">\n\t\t\t\t<div class=\"elementor-widget-container\">\n\t\t\t\t\t<div class=\"elementor-jet-lottie jet-elements\"><div class=\"jet-lottie\" data-settings=\"{&quot;path&quot;:&quot;https:\\\/\\\/lottie.host\\\/e87dbad4-53ef-4833-9c51-bc16690af22c\\\/V5scvXsgXw.json&quot;,&quot;renderer&quot;:&quot;svg&quot;,&quot;action_start&quot;:&quot;autoplay&quot;,&quot;delay&quot;:&quot;&quot;,&quot;on_hover_out&quot;:null,&quot;redirect_timeout&quot;:null,&quot;viewport&quot;:&quot;&quot;,&quot;loop&quot;:true,&quot;loop_times&quot;:&quot;&quot;,&quot;reversed&quot;:false,&quot;play_speed&quot;:1}\"><div class=\"jet-lottie__elem\"><\/div><\/div><\/div>\t\t\t\t<\/div>\n\t\t\t\t<\/div>\n\t\t\t\t<div class=\"elementor-element elementor-element-dd11f49 elementor-widget elementor-widget-heading\" data-id=\"dd11f49\" data-element_type=\"widget\" data-e-type=\"widget\" data-widget_type=\"heading.default\">\n\t\t\t\t<div class=\"elementor-widget-container\">\n\t\t\t\t\t<h2 class=\"elementor-heading-title elementor-size-default\">POR COMUNICARSE CON NOSOTROS<\/h2>\t\t\t\t<\/div>\n\t\t\t\t<\/div>\n\t\t\t\t\t<\/div>\n\t\t<\/div>\n\t\t\t\t\t<\/div>\n\t\t<\/section>\n\t\t\t\t<\/div>","protected":false},"excerpt":{"rendered":"<p>POR COMUNICARSE CON NOSOTROS<\/p>","protected":false},"author":3,"featured_media":0,"parent":0,"menu_order":0,"comment_status":"closed","ping_status":"closed","template":"elementor_header_footer","meta":{"_joinchat":[],"footnotes":""},"class_list":["post-442","page","type-page","status-publish","hentry"],"yoast_head":"<!-- This site is optimized with the Yoast SEO plugin v27.4 - https:\/\/yoast.com\/product\/yoast-seo-wordpress\/ -->\n<title>Gracias | Caribe Industrial System, Inc PR<\/title>\n<meta name=\"description\" content=\"Somos la compa\u00f1\u00eda l\u00edder en distribuci\u00f3n de equipo de empaque y materiales en PR y el caribe, contamos con las mejores facilidades.\" \/>\n<meta name=\"robots\" content=\"index, follow, max-snippet:-1, max-image-preview:large, max-video-preview:-1\" \/>\n<link rel=\"canonical\" href=\"https:\/\/caribeindustrialpr.com\/en\/gracias\/\" \/>\n<meta property=\"og:locale\" content=\"en_US\" \/>\n<meta property=\"og:type\" content=\"article\" \/>\n<meta property=\"og:title\" content=\"Gracias | Caribe Industrial System, Inc PR\" \/>\n<meta property=\"og:description\" content=\"Somos la compa\u00f1\u00eda l\u00edder en distribuci\u00f3n de equipo de empaque y materiales en PR y el caribe, contamos con las mejores facilidades.\" \/>\n<meta property=\"og:url\" content=\"https:\/\/caribeindustrialpr.com\/en\/gracias\/\" \/>\n<meta property=\"og:site_name\" content=\"Caribe Industrial System, Inc\" \/>\n<meta property=\"article:modified_time\" content=\"2024-05-30T15:52:23+00:00\" \/>\n<meta name=\"twitter:card\" content=\"summary_large_image\" \/>\n<meta name=\"twitter:label1\" content=\"Est. reading time\" \/>\n\t<meta name=\"twitter:data1\" content=\"1 minute\" \/>\n<script type=\"application\/ld+json\" class=\"yoast-schema-graph\">{\"@context\":\"https:\\\/\\\/schema.org\",\"@graph\":[{\"@type\":\"WebPage\",\"@id\":\"https:\\\/\\\/caribeindustrialpr.com\\\/gracias\\\/\",\"url\":\"https:\\\/\\\/caribeindustrialpr.com\\\/gracias\\\/\",\"name\":\"Gracias | Caribe Industrial System, Inc PR\",\"isPartOf\":{\"@id\":\"https:\\\/\\\/caribeindustrialpr.com\\\/#website\"},\"datePublished\":\"2023-03-28T20:01:27+00:00\",\"dateModified\":\"2024-05-30T15:52:23+00:00\",\"description\":\"Somos la compa\u00f1\u00eda l\u00edder en distribuci\u00f3n de equipo de empaque y materiales en PR y el caribe, contamos con las mejores facilidades.\",\"breadcrumb\":{\"@id\":\"https:\\\/\\\/caribeindustrialpr.com\\\/gracias\\\/#breadcrumb\"},\"inLanguage\":\"en-US\",\"potentialAction\":[{\"@type\":\"ReadAction\",\"target\":[\"https:\\\/\\\/caribeindustrialpr.com\\\/gracias\\\/\"]}]},{\"@type\":\"BreadcrumbList\",\"@id\":\"https:\\\/\\\/caribeindustrialpr.com\\\/gracias\\\/#breadcrumb\",\"itemListElement\":[{\"@type\":\"ListItem\",\"position\":1,\"name\":\"Home\",\"item\":\"https:\\\/\\\/caribeindustrialpr.com\\\/\"},{\"@type\":\"ListItem\",\"position\":2,\"name\":\"Gracias\"}]},{\"@type\":\"WebSite\",\"@id\":\"https:\\\/\\\/caribeindustrialpr.com\\\/#website\",\"url\":\"https:\\\/\\\/caribeindustrialpr.com\\\/\",\"name\":\"Caribe Industrial System, Inc\",\"description\":\"Flejes metal\",\"publisher\":{\"@id\":\"https:\\\/\\\/caribeindustrialpr.com\\\/#organization\"},\"potentialAction\":[{\"@type\":\"SearchAction\",\"target\":{\"@type\":\"EntryPoint\",\"urlTemplate\":\"https:\\\/\\\/caribeindustrialpr.com\\\/?s={search_term_string}\"},\"query-input\":{\"@type\":\"PropertyValueSpecification\",\"valueRequired\":true,\"valueName\":\"search_term_string\"}}],\"inLanguage\":\"en-US\"},{\"@type\":\"Organization\",\"@id\":\"https:\\\/\\\/caribeindustrialpr.com\\\/#organization\",\"name\":\"Caribe Industrial System, Inc\",\"url\":\"https:\\\/\\\/caribeindustrialpr.com\\\/\",\"logo\":{\"@type\":\"ImageObject\",\"inLanguage\":\"en-US\",\"@id\":\"https:\\\/\\\/caribeindustrialpr.com\\\/#\\\/schema\\\/logo\\\/image\\\/\",\"url\":\"https:\\\/\\\/caribeindustrialpr.com\\\/wp-content\\\/uploads\\\/2023\\\/03\\\/Logo-0000-removebg-preview.png\",\"contentUrl\":\"https:\\\/\\\/caribeindustrialpr.com\\\/wp-content\\\/uploads\\\/2023\\\/03\\\/Logo-0000-removebg-preview.png\",\"width\":249,\"height\":111,\"caption\":\"Caribe Industrial System, Inc\"},\"image\":{\"@id\":\"https:\\\/\\\/caribeindustrialpr.com\\\/#\\\/schema\\\/logo\\\/image\\\/\"}}]}<\/script>\n<!-- \/ Yoast SEO plugin. -->","yoast_head_json":{"title":"Gracias | Caribe Industrial System, Inc PR","description":"Somos la compa\u00f1\u00eda l\u00edder en distribuci\u00f3n de equipo de empaque y materiales en PR y el caribe, contamos con las mejores facilidades.","robots":{"index":"index","follow":"follow","max-snippet":"max-snippet:-1","max-image-preview":"max-image-preview:large","max-video-preview":"max-video-preview:-1"},"canonical":"https:\/\/caribeindustrialpr.com\/en\/gracias\/","og_locale":"en_US","og_type":"article","og_title":"Gracias | Caribe Industrial System, Inc PR","og_description":"Somos la compa\u00f1\u00eda l\u00edder en distribuci\u00f3n de equipo de empaque y materiales en PR y el caribe, contamos con las mejores facilidades.","og_url":"https:\/\/caribeindustrialpr.com\/en\/gracias\/","og_site_name":"Caribe Industrial System, Inc","article_modified_time":"2024-05-30T15:52:23+00:00","twitter_card":"summary_large_image","twitter_misc":{"Est. reading time":"1 minute"},"schema":{"@context":"https:\/\/schema.org","@graph":[{"@type":"WebPage","@id":"https:\/\/caribeindustrialpr.com\/gracias\/","url":"https:\/\/caribeindustrialpr.com\/gracias\/","name":"Gracias | Caribe Industrial System, Inc PR","isPartOf":{"@id":"https:\/\/caribeindustrialpr.com\/#website"},"datePublished":"2023-03-28T20:01:27+00:00","dateModified":"2024-05-30T15:52:23+00:00","description":"Somos la compa\u00f1\u00eda l\u00edder en distribuci\u00f3n de equipo de empaque y materiales en PR y el caribe, contamos con las mejores facilidades.","breadcrumb":{"@id":"https:\/\/caribeindustrialpr.com\/gracias\/#breadcrumb"},"inLanguage":"en-US","potentialAction":[{"@type":"ReadAction","target":["https:\/\/caribeindustrialpr.com\/gracias\/"]}]},{"@type":"BreadcrumbList","@id":"https:\/\/caribeindustrialpr.com\/gracias\/#breadcrumb","itemListElement":[{"@type":"ListItem","position":1,"name":"Home","item":"https:\/\/caribeindustrialpr.com\/"},{"@type":"ListItem","position":2,"name":"Gracias"}]},{"@type":"WebSite","@id":"https:\/\/caribeindustrialpr.com\/#website","url":"https:\/\/caribeindustrialpr.com\/","name":"Caribe Industrial System, Inc","description":"Flejes metal","publisher":{"@id":"https:\/\/caribeindustrialpr.com\/#organization"},"potentialAction":[{"@type":"SearchAction","target":{"@type":"EntryPoint","urlTemplate":"https:\/\/caribeindustrialpr.com\/?s={search_term_string}"},"query-input":{"@type":"PropertyValueSpecification","valueRequired":true,"valueName":"search_term_string"}}],"inLanguage":"en-US"},{"@type":"Organization","@id":"https:\/\/caribeindustrialpr.com\/#organization","name":"Caribe Industrial System, Inc","url":"https:\/\/caribeindustrialpr.com\/","logo":{"@type":"ImageObject","inLanguage":"en-US","@id":"https:\/\/caribeindustrialpr.com\/#\/schema\/logo\/image\/","url":"https:\/\/caribeindustrialpr.com\/wp-content\/uploads\/2023\/03\/Logo-0000-removebg-preview.png","contentUrl":"https:\/\/caribeindustrialpr.com\/wp-content\/uploads\/2023\/03\/Logo-0000-removebg-preview.png","width":249,"height":111,"caption":"Caribe Industrial System, Inc"},"image":{"@id":"https:\/\/caribeindustrialpr.com\/#\/schema\/logo\/image\/"}}]}},"_hostinger_reach_plugin_has_subscription_block":false,"_hostinger_reach_plugin_is_elementor":false,"_links":{"self":[{"href":"https:\/\/caribeindustrialpr.com\/en\/wp-json\/wp\/v2\/pages\/442","targetHints":{"allow":["GET"]}}],"collection":[{"href":"https:\/\/caribeindustrialpr.com\/en\/wp-json\/wp\/v2\/pages"}],"about":[{"href":"https:\/\/caribeindustrialpr.com\/en\/wp-json\/wp\/v2\/types\/page"}],"author":[{"embeddable":true,"href":"https:\/\/caribeindustrialpr.com\/en\/wp-json\/wp\/v2\/users\/3"}],"replies":[{"embeddable":true,"href":"https:\/\/caribeindustrialpr.com\/en\/wp-json\/wp\/v2\/comments?post=442"}],"version-history":[{"count":25,"href":"https:\/\/caribeindustrialpr.com\/en\/wp-json\/wp\/v2\/pages\/442\/revisions"}],"predecessor-version":[{"id":706,"href":"https:\/\/caribeindustrialpr.com\/en\/wp-json\/wp\/v2\/pages\/442\/revisions\/706"}],"wp:attachment":[{"href":"https:\/\/caribeindustrialpr.com\/en\/wp-json\/wp\/v2\/media?parent=442"}],"curies":[{"name":"wp","href":"https:\/\/api.w.org\/{rel}","templated":true}]}}