{"id":444,"date":"2023-03-28T20:02:28","date_gmt":"2023-03-28T20:02:28","guid":{"rendered":"https:\/\/whitesmoke-aardvark-940049.hostingersite.com\/caribeindustrialpr\/?page_id=444"},"modified":"2023-06-30T00:17:15","modified_gmt":"2023-06-30T00:17:15","slug":"contacto","status":"publish","type":"page","link":"https:\/\/caribeindustrialpr.com\/en\/contacto\/","title":{"rendered":"Contact Us"},"content":{"rendered":"<div data-elementor-type=\"wp-page\" data-elementor-id=\"444\" class=\"elementor elementor-444\" data-elementor-settings=\"{&quot;ha_cmc_init_switcher&quot;:&quot;no&quot;}\">\n\t\t\t\t\t\t<section class=\"elementor-section elementor-top-section elementor-element elementor-element-4570992 elementor-section-height-min-height elementor-section-boxed elementor-section-height-default elementor-section-items-middle\" data-id=\"4570992\" data-element_type=\"section\" data-e-type=\"section\" data-settings=\"{&quot;jet_parallax_layout_list&quot;:[],&quot;background_background&quot;:&quot;classic&quot;,&quot;_ha_eqh_enable&quot;:false}\">\n\t\t\t\t\t\t<div class=\"elementor-container elementor-column-gap-default\">\n\t\t\t\t\t<div class=\"elementor-column elementor-col-100 elementor-top-column elementor-element elementor-element-8d7efba\" data-id=\"8d7efba\" data-element_type=\"column\" data-e-type=\"column\">\n\t\t\t<div class=\"elementor-widget-wrap elementor-element-populated\">\n\t\t\t\t\t\t<div class=\"elementor-element elementor-element-b90a40e elementor-widget elementor-widget-heading\" data-id=\"b90a40e\" data-element_type=\"widget\" data-e-type=\"widget\" data-widget_type=\"heading.default\">\n\t\t\t\t<div class=\"elementor-widget-container\">\n\t\t\t\t\t<h2 class=\"elementor-heading-title elementor-size-default\">Contact Us<\/h2>\t\t\t\t<\/div>\n\t\t\t\t<\/div>\n\t\t\t\t<div class=\"elementor-element elementor-element-494c52f jet-breadcrumbs-align-center elementor-widget elementor-widget-jet-breadcrumbs\" data-id=\"494c52f\" data-element_type=\"widget\" data-e-type=\"widget\" data-widget_type=\"jet-breadcrumbs.default\">\n\t\t\t\t<div class=\"elementor-widget-container\">\n\t\t\t\t\t<div class=\"elementor-jet-breadcrumbs jet-blocks\">\n\t\t<div class=\"jet-breadcrumbs\">\n\t\t<div class=\"jet-breadcrumbs__content\">\n\t\t<div class=\"jet-breadcrumbs__wrap\"><div class=\"jet-breadcrumbs__item\"><a href=\"https:\/\/caribeindustrialpr.com\/en\/\" class=\"jet-breadcrumbs__item-link is-home\" rel=\"home\" title=\"Home\">Home<\/a><\/div>\n\t\t<\/div>\n\t\t<\/div>\n\t\t<\/div><\/div>\t\t\t\t<\/div>\n\t\t\t\t<\/div>\n\t\t\t\t\t<\/div>\n\t\t<\/div>\n\t\t\t\t\t<\/div>\n\t\t<\/section>\n\t\t\t\t<section class=\"elementor-section elementor-top-section elementor-element elementor-element-2d9ea13 elementor-section-boxed elementor-section-height-default elementor-section-height-default\" data-id=\"2d9ea13\" data-element_type=\"section\" data-e-type=\"section\" data-settings=\"{&quot;jet_parallax_layout_list&quot;:[],&quot;_ha_eqh_enable&quot;:false}\">\n\t\t\t\t\t\t<div class=\"elementor-container elementor-column-gap-default\">\n\t\t\t\t\t<div class=\"elementor-column elementor-col-50 elementor-top-column elementor-element elementor-element-cb62568\" data-id=\"cb62568\" data-element_type=\"column\" data-e-type=\"column\">\n\t\t\t<div class=\"elementor-widget-wrap elementor-element-populated\">\n\t\t\t\t\t\t<div class=\"elementor-element elementor-element-5549679 elementor-widget elementor-widget-heading\" data-id=\"5549679\" data-element_type=\"widget\" data-e-type=\"widget\" data-widget_type=\"heading.default\">\n\t\t\t\t<div class=\"elementor-widget-container\">\n\t\t\t\t\t<h2 class=\"elementor-heading-title elementor-size-default\">Information<\/h2>\t\t\t\t<\/div>\n\t\t\t\t<\/div>\n\t\t\t\t<div class=\"elementor-element elementor-element-bb007cd elementor-icon-list--layout-traditional elementor-list-item-link-full_width elementor-widget elementor-widget-icon-list\" data-id=\"bb007cd\" data-element_type=\"widget\" data-e-type=\"widget\" data-widget_type=\"icon-list.default\">\n\t\t\t\t<div class=\"elementor-widget-container\">\n\t\t\t\t\t\t\t<ul class=\"elementor-icon-list-items\">\n\t\t\t\t\t\t\t<li class=\"elementor-icon-list-item\">\n\t\t\t\t\t\t\t\t\t\t\t<a href=\"mailto:cisi@caribeindustrial.com\">\n\n\t\t\t\t\t\t\t\t\t\t\t\t<span class=\"elementor-icon-list-icon\">\n\t\t\t\t\t\t\t<i aria-hidden=\"true\" class=\"fas fa-envelope\"><\/i>\t\t\t\t\t\t<\/span>\n\t\t\t\t\t\t\t\t\t\t<span class=\"elementor-icon-list-text\">cisi@caribeindustrial.com<\/span>\n\t\t\t\t\t\t\t\t\t\t\t<\/a>\n\t\t\t\t\t\t\t\t\t<\/li>\n\t\t\t\t\t\t\t\t<li class=\"elementor-icon-list-item\">\n\t\t\t\t\t\t\t\t\t\t\t<a href=\"tel:787-787-2474\">\n\n\t\t\t\t\t\t\t\t\t\t\t\t<span class=\"elementor-icon-list-icon\">\n\t\t\t\t\t\t\t<i aria-hidden=\"true\" class=\"fas fa-phone-alt\"><\/i>\t\t\t\t\t\t<\/span>\n\t\t\t\t\t\t\t\t\t\t<span class=\"elementor-icon-list-text\">787-787-2474<\/span>\n\t\t\t\t\t\t\t\t\t\t\t<\/a>\n\t\t\t\t\t\t\t\t\t<\/li>\n\t\t\t\t\t\t\t\t<li class=\"elementor-icon-list-item\">\n\t\t\t\t\t\t\t\t\t\t\t<span class=\"elementor-icon-list-icon\">\n\t\t\t\t\t\t\t<i aria-hidden=\"true\" class=\"fas fa-map-marker-alt\"><\/i>\t\t\t\t\t\t<\/span>\n\t\t\t\t\t\t\t\t\t\t<span class=\"elementor-icon-list-text\">Rd. 2 Km 15.2 Hato Tejas, Bayam\u00f3n, PR 00960<\/span>\n\t\t\t\t\t\t\t\t\t<\/li>\n\t\t\t\t\t\t<\/ul>\n\t\t\t\t\t\t<\/div>\n\t\t\t\t<\/div>\n\t\t\t\t<div class=\"elementor-element elementor-element-080f9d4 e-grid-align-left elementor-shape-rounded elementor-grid-0 elementor-widget elementor-widget-social-icons\" data-id=\"080f9d4\" data-element_type=\"widget\" data-e-type=\"widget\" data-widget_type=\"social-icons.default\">\n\t\t\t\t<div class=\"elementor-widget-container\">\n\t\t\t\t\t\t\t<div class=\"elementor-social-icons-wrapper elementor-grid\" role=\"list\">\n\t\t\t\t\t\t\t<span class=\"elementor-grid-item\" role=\"listitem\">\n\t\t\t\t\t<a class=\"elementor-icon elementor-social-icon elementor-social-icon-facebook elementor-animation-grow elementor-repeater-item-1208ffd\" href=\"https:\/\/www.facebook.com\/CaribeIndustrialSystemsInc\/\" target=\"_blank\">\n\t\t\t\t\t\t<span class=\"elementor-screen-only\">Facebook<\/span>\n\t\t\t\t\t\t<i aria-hidden=\"true\" class=\"fab fa-facebook\"><\/i>\t\t\t\t\t<\/a>\n\t\t\t\t<\/span>\n\t\t\t\t\t\t\t<span class=\"elementor-grid-item\" role=\"listitem\">\n\t\t\t\t\t<a class=\"elementor-icon elementor-social-icon elementor-social-icon-instagram elementor-animation-grow elementor-repeater-item-1ea9ca0\" href=\"https:\/\/www.instagram.com\/caribeindustrialsystems\/\" target=\"_blank\">\n\t\t\t\t\t\t<span class=\"elementor-screen-only\">Instagram<\/span>\n\t\t\t\t\t\t<i aria-hidden=\"true\" class=\"fab fa-instagram\"><\/i>\t\t\t\t\t<\/a>\n\t\t\t\t<\/span>\n\t\t\t\t\t<\/div>\n\t\t\t\t\t\t<\/div>\n\t\t\t\t<\/div>\n\t\t\t\t\t<\/div>\n\t\t<\/div>\n\t\t\t\t<div class=\"elementor-column elementor-col-50 elementor-top-column elementor-element elementor-element-cfb9b25\" data-id=\"cfb9b25\" data-element_type=\"column\" data-e-type=\"column\">\n\t\t\t<div class=\"elementor-widget-wrap elementor-element-populated\">\n\t\t\t\t\t\t<div class=\"elementor-element elementor-element-33ff57c ha-form-btn--center elementor-widget elementor-widget-ha-wpform happy-addon ha-wpform\" data-id=\"33ff57c\" data-element_type=\"widget\" data-e-type=\"widget\" data-widget_type=\"ha-wpform.default\">\n\t\t\t\t<div class=\"elementor-widget-container\">\n\t\t\t\t\t<div class=\"wpforms-container wpforms-container-full\" id=\"wpforms-480\"><form id=\"wpforms-form-480\" class=\"wpforms-validate wpforms-form wpforms-ajax-form\" data-formid=\"480\" method=\"post\" enctype=\"multipart\/form-data\" action=\"\/en\/wp-json\/wp\/v2\/pages\/444\" data-token=\"cda0b569e03ea0d2dc8dd322d67329a7\" data-token-time=\"1777533299\" data-trp-original-action=\"\/en\/wp-json\/wp\/v2\/pages\/444\"><noscript class=\"wpforms-error-noscript\">Please enable JavaScript in your browser to complete this form.<\/noscript><div class=\"wpforms-field-container\"><div id=\"wpforms-480-field_0-container\" class=\"wpforms-field wpforms-field-name\" data-field-id=\"0\"><label class=\"wpforms-field-label wpforms-label-hide\" for=\"wpforms-480-field_0\">Name <span class=\"wpforms-required-label\">*<\/span><\/label><input type=\"text\" id=\"wpforms-480-field_0\" class=\"wpforms-field-large wpforms-field-required\" name=\"wpforms[fields][0]\" placeholder=\"Name\" required><\/div><div id=\"wpforms-480-field_3-container\" class=\"wpforms-field wpforms-field-text wpforms-one-half wpforms-first\" data-field-id=\"3\"><label class=\"wpforms-field-label wpforms-label-hide\" for=\"wpforms-480-field_3\">Telephone<\/label><input type=\"text\" id=\"wpforms-480-field_3\" class=\"wpforms-field-large wpforms-masked-input\" data-rule-inputmask-incomplete=\"1\" data-inputmask-mask=\"(999)-999-9999\" name=\"wpforms[fields][3]\" placeholder=\"Telephone\" ><\/div><div id=\"wpforms-480-field_1-container\" class=\"wpforms-field wpforms-field-email wpforms-one-half\" data-field-id=\"1\"><label class=\"wpforms-field-label wpforms-label-hide\" for=\"wpforms-480-field_1\">Email <span class=\"wpforms-required-label\">*<\/span><\/label><input type=\"email\" id=\"wpforms-480-field_1\" class=\"wpforms-field-large wpforms-field-required\" name=\"wpforms[fields][1]\" placeholder=\"Email\" spellcheck=\"false\" required><\/div><div id=\"wpforms-480-field_2-container\" class=\"wpforms-field wpforms-field-textarea\" data-field-id=\"2\"><label class=\"wpforms-field-label wpforms-label-hide\" for=\"wpforms-480-field_2\">Message<\/label><textarea id=\"wpforms-480-field_2\" class=\"wpforms-field-medium\" name=\"wpforms[fields][2]\" placeholder=\"Message\" ><\/textarea><\/div><\/div><!-- .wpforms-field-container --><div class=\"wpforms-recaptcha-container wpforms-is-recaptcha wpforms-is-recaptcha-type-v3\" ><input type=\"hidden\" name=\"wpforms[recaptcha]\" value=\"\"><\/div><div class=\"wpforms-submit-container\" ><input type=\"hidden\" name=\"wpforms[id]\" value=\"480\"><input type=\"hidden\" name=\"page_title\" value=\"\"><input type=\"hidden\" name=\"page_url\" value=\"https:\/\/caribeindustrialpr.com\/en\/wp-json\/wp\/v2\/pages\/444\"><input type=\"hidden\" name=\"url_referer\" value=\"\"><button type=\"submit\" name=\"wpforms[submit]\" id=\"wpforms-submit-480\" class=\"wpforms-submit\" data-alt-text=\"Enviando...\" data-submit-text=\"Enviar\" aria-live=\"assertive\" value=\"wpforms-submit\">Send<\/button><img decoding=\"async\" src=\"https:\/\/caribeindustrialpr.com\/wp-content\/plugins\/wpforms\/assets\/images\/submit-spin.svg\" class=\"wpforms-submit-spinner\" style=\"display: none;\" width=\"26\" height=\"26\" alt=\"Loading\"><\/div><input type=\"hidden\" name=\"trp-form-language\" value=\"en\"\/><\/form><\/div>  <!-- .wpforms-container -->\t\t\t\t<\/div>\n\t\t\t\t<\/div>\n\t\t\t\t\t<\/div>\n\t\t<\/div>\n\t\t\t\t\t<\/div>\n\t\t<\/section>\n\t\t\t\t<section class=\"elementor-section elementor-top-section elementor-element elementor-element-f48ef0e elementor-section-full_width elementor-section-height-default elementor-section-height-default\" data-id=\"f48ef0e\" data-element_type=\"section\" data-e-type=\"section\" data-settings=\"{&quot;jet_parallax_layout_list&quot;:[],&quot;_ha_eqh_enable&quot;:false}\">\n\t\t\t\t\t\t<div class=\"elementor-container elementor-column-gap-default\">\n\t\t\t\t\t<div class=\"elementor-column elementor-col-100 elementor-top-column elementor-element elementor-element-54e9eb4\" data-id=\"54e9eb4\" data-element_type=\"column\" data-e-type=\"column\">\n\t\t\t<div class=\"elementor-widget-wrap elementor-element-populated\">\n\t\t\t\t\t\t<div class=\"elementor-element elementor-element-8caa75f elementor-widget elementor-widget-google_maps\" data-id=\"8caa75f\" data-element_type=\"widget\" data-e-type=\"widget\" data-widget_type=\"google_maps.default\">\n\t\t\t\t<div class=\"elementor-widget-container\">\n\t\t\t\t\t\t\t<div class=\"elementor-custom-embed\">\n\t\t\t<iframe loading=\"lazy\"\n\t\t\t\t\tsrc=\"https:\/\/maps.google.com\/maps?q=Caribe%20Industrial%20Systems%20Inc&#038;t=m&#038;z=15&#038;output=embed&#038;iwloc=near\"\n\t\t\t\t\ttitle=\"Caribe Industrial Systems Inc\"\n\t\t\t\t\taria-label=\"Caribe Industrial Systems Inc\"\n\t\t\t><\/iframe>\n\t\t<\/div>\n\t\t\t\t\t\t<\/div>\n\t\t\t\t<\/div>\n\t\t\t\t\t<\/div>\n\t\t<\/div>\n\t\t\t\t\t<\/div>\n\t\t<\/section>\n\t\t\t\t<\/div>","protected":false},"excerpt":{"rendered":"<p>Contacto Inicio Informaci\u00f3n cisi@caribeindustrial.com 787-787-2474 Rd. 2 Km 15.2 Hato Tejas, Bayam\u00f3n, PR 00960 Facebook Instagram Por favor, activa JavaScript en tu navegador para completar este formulario.Nombre *Tel\u00e9fonoEmail *Mensaje Enviar<\/p>","protected":false},"author":3,"featured_media":0,"parent":0,"menu_order":0,"comment_status":"closed","ping_status":"closed","template":"elementor_header_footer","meta":{"_joinchat":[],"footnotes":""},"class_list":["post-444","page","type-page","status-publish","hentry"],"yoast_head":"<!-- This site is optimized with the Yoast SEO plugin v27.4 - https:\/\/yoast.com\/product\/yoast-seo-wordpress\/ -->\n<title>Contacto | Caribe Industrial System, Inc PR<\/title>\n<meta name=\"description\" content=\"Somos la compa\u00f1\u00eda l\u00edder en distribuci\u00f3n de equipo de empaque y materiales en PR y el caribe, contamos con las mejores facilidades.\" \/>\n<meta name=\"robots\" content=\"index, follow, max-snippet:-1, max-image-preview:large, max-video-preview:-1\" \/>\n<link rel=\"canonical\" href=\"https:\/\/caribeindustrialpr.com\/en\/contacto\/\" \/>\n<meta property=\"og:locale\" content=\"en_US\" \/>\n<meta property=\"og:type\" content=\"article\" \/>\n<meta property=\"og:title\" content=\"Contacto | Caribe Industrial System, Inc PR\" \/>\n<meta property=\"og:description\" content=\"Somos la compa\u00f1\u00eda l\u00edder en distribuci\u00f3n de equipo de empaque y materiales en PR y el caribe, contamos con las mejores facilidades.\" \/>\n<meta property=\"og:url\" content=\"https:\/\/caribeindustrialpr.com\/en\/contacto\/\" \/>\n<meta property=\"og:site_name\" content=\"Caribe Industrial System, Inc\" \/>\n<meta property=\"article:modified_time\" content=\"2023-06-30T00:17:15+00:00\" \/>\n<meta property=\"og:image\" content=\"https:\/\/whitesmoke-aardvark-940049.hostingersite.com\/caribeindustrialpr\/wp-content\/plugins\/wpforms-lite\/assets\/images\/submit-spin.svg\" \/>\n<meta name=\"twitter:card\" content=\"summary_large_image\" \/>\n<meta name=\"twitter:label1\" content=\"Est. reading time\" \/>\n\t<meta name=\"twitter:data1\" content=\"1 minute\" \/>\n<script type=\"application\/ld+json\" class=\"yoast-schema-graph\">{\"@context\":\"https:\\\/\\\/schema.org\",\"@graph\":[{\"@type\":\"WebPage\",\"@id\":\"https:\\\/\\\/caribeindustrialpr.com\\\/contacto\\\/\",\"url\":\"https:\\\/\\\/caribeindustrialpr.com\\\/contacto\\\/\",\"name\":\"Contacto | Caribe Industrial System, Inc PR\",\"isPartOf\":{\"@id\":\"https:\\\/\\\/caribeindustrialpr.com\\\/#website\"},\"primaryImageOfPage\":{\"@id\":\"https:\\\/\\\/caribeindustrialpr.com\\\/contacto\\\/#primaryimage\"},\"image\":{\"@id\":\"https:\\\/\\\/caribeindustrialpr.com\\\/contacto\\\/#primaryimage\"},\"thumbnailUrl\":\"https:\\\/\\\/whitesmoke-aardvark-940049.hostingersite.com\\\/caribeindustrialpr\\\/wp-content\\\/plugins\\\/wpforms-lite\\\/assets\\\/images\\\/submit-spin.svg\",\"datePublished\":\"2023-03-28T20:02:28+00:00\",\"dateModified\":\"2023-06-30T00:17:15+00:00\",\"description\":\"Somos la compa\u00f1\u00eda l\u00edder en distribuci\u00f3n de equipo de empaque y materiales en PR y el caribe, contamos con las mejores facilidades.\",\"breadcrumb\":{\"@id\":\"https:\\\/\\\/caribeindustrialpr.com\\\/contacto\\\/#breadcrumb\"},\"inLanguage\":\"en-US\",\"potentialAction\":[{\"@type\":\"ReadAction\",\"target\":[\"https:\\\/\\\/caribeindustrialpr.com\\\/contacto\\\/\"]}]},{\"@type\":\"ImageObject\",\"inLanguage\":\"en-US\",\"@id\":\"https:\\\/\\\/caribeindustrialpr.com\\\/contacto\\\/#primaryimage\",\"url\":\"https:\\\/\\\/whitesmoke-aardvark-940049.hostingersite.com\\\/caribeindustrialpr\\\/wp-content\\\/plugins\\\/wpforms-lite\\\/assets\\\/images\\\/submit-spin.svg\",\"contentUrl\":\"https:\\\/\\\/whitesmoke-aardvark-940049.hostingersite.com\\\/caribeindustrialpr\\\/wp-content\\\/plugins\\\/wpforms-lite\\\/assets\\\/images\\\/submit-spin.svg\"},{\"@type\":\"BreadcrumbList\",\"@id\":\"https:\\\/\\\/caribeindustrialpr.com\\\/contacto\\\/#breadcrumb\",\"itemListElement\":[{\"@type\":\"ListItem\",\"position\":1,\"name\":\"Home\",\"item\":\"https:\\\/\\\/caribeindustrialpr.com\\\/\"},{\"@type\":\"ListItem\",\"position\":2,\"name\":\"Contacto\"}]},{\"@type\":\"WebSite\",\"@id\":\"https:\\\/\\\/caribeindustrialpr.com\\\/#website\",\"url\":\"https:\\\/\\\/caribeindustrialpr.com\\\/\",\"name\":\"Caribe Industrial System, Inc\",\"description\":\"Flejes metal\",\"publisher\":{\"@id\":\"https:\\\/\\\/caribeindustrialpr.com\\\/#organization\"},\"potentialAction\":[{\"@type\":\"SearchAction\",\"target\":{\"@type\":\"EntryPoint\",\"urlTemplate\":\"https:\\\/\\\/caribeindustrialpr.com\\\/?s={search_term_string}\"},\"query-input\":{\"@type\":\"PropertyValueSpecification\",\"valueRequired\":true,\"valueName\":\"search_term_string\"}}],\"inLanguage\":\"en-US\"},{\"@type\":\"Organization\",\"@id\":\"https:\\\/\\\/caribeindustrialpr.com\\\/#organization\",\"name\":\"Caribe Industrial System, Inc\",\"url\":\"https:\\\/\\\/caribeindustrialpr.com\\\/\",\"logo\":{\"@type\":\"ImageObject\",\"inLanguage\":\"en-US\",\"@id\":\"https:\\\/\\\/caribeindustrialpr.com\\\/#\\\/schema\\\/logo\\\/image\\\/\",\"url\":\"https:\\\/\\\/caribeindustrialpr.com\\\/wp-content\\\/uploads\\\/2023\\\/03\\\/Logo-0000-removebg-preview.png\",\"contentUrl\":\"https:\\\/\\\/caribeindustrialpr.com\\\/wp-content\\\/uploads\\\/2023\\\/03\\\/Logo-0000-removebg-preview.png\",\"width\":249,\"height\":111,\"caption\":\"Caribe Industrial System, Inc\"},\"image\":{\"@id\":\"https:\\\/\\\/caribeindustrialpr.com\\\/#\\\/schema\\\/logo\\\/image\\\/\"}}]}<\/script>\n<!-- \/ Yoast SEO plugin. -->","yoast_head_json":{"title":"Contacto | Caribe Industrial System, Inc PR","description":"Somos la compa\u00f1\u00eda l\u00edder en distribuci\u00f3n de equipo de empaque y materiales en PR y el caribe, contamos con las mejores facilidades.","robots":{"index":"index","follow":"follow","max-snippet":"max-snippet:-1","max-image-preview":"max-image-preview:large","max-video-preview":"max-video-preview:-1"},"canonical":"https:\/\/caribeindustrialpr.com\/en\/contacto\/","og_locale":"en_US","og_type":"article","og_title":"Contacto | Caribe Industrial System, Inc PR","og_description":"Somos la compa\u00f1\u00eda l\u00edder en distribuci\u00f3n de equipo de empaque y materiales en PR y el caribe, contamos con las mejores facilidades.","og_url":"https:\/\/caribeindustrialpr.com\/en\/contacto\/","og_site_name":"Caribe Industrial System, Inc","article_modified_time":"2023-06-30T00:17:15+00:00","og_image":[{"url":"https:\/\/whitesmoke-aardvark-940049.hostingersite.com\/caribeindustrialpr\/wp-content\/plugins\/wpforms-lite\/assets\/images\/submit-spin.svg","type":"","width":"","height":""}],"twitter_card":"summary_large_image","twitter_misc":{"Est. reading time":"1 minute"},"schema":{"@context":"https:\/\/schema.org","@graph":[{"@type":"WebPage","@id":"https:\/\/caribeindustrialpr.com\/contacto\/","url":"https:\/\/caribeindustrialpr.com\/contacto\/","name":"Contacto | Caribe Industrial System, Inc PR","isPartOf":{"@id":"https:\/\/caribeindustrialpr.com\/#website"},"primaryImageOfPage":{"@id":"https:\/\/caribeindustrialpr.com\/contacto\/#primaryimage"},"image":{"@id":"https:\/\/caribeindustrialpr.com\/contacto\/#primaryimage"},"thumbnailUrl":"https:\/\/whitesmoke-aardvark-940049.hostingersite.com\/caribeindustrialpr\/wp-content\/plugins\/wpforms-lite\/assets\/images\/submit-spin.svg","datePublished":"2023-03-28T20:02:28+00:00","dateModified":"2023-06-30T00:17:15+00:00","description":"Somos la compa\u00f1\u00eda l\u00edder en distribuci\u00f3n de equipo de empaque y materiales en PR y el caribe, contamos con las mejores facilidades.","breadcrumb":{"@id":"https:\/\/caribeindustrialpr.com\/contacto\/#breadcrumb"},"inLanguage":"en-US","potentialAction":[{"@type":"ReadAction","target":["https:\/\/caribeindustrialpr.com\/contacto\/"]}]},{"@type":"ImageObject","inLanguage":"en-US","@id":"https:\/\/caribeindustrialpr.com\/contacto\/#primaryimage","url":"https:\/\/whitesmoke-aardvark-940049.hostingersite.com\/caribeindustrialpr\/wp-content\/plugins\/wpforms-lite\/assets\/images\/submit-spin.svg","contentUrl":"https:\/\/whitesmoke-aardvark-940049.hostingersite.com\/caribeindustrialpr\/wp-content\/plugins\/wpforms-lite\/assets\/images\/submit-spin.svg"},{"@type":"BreadcrumbList","@id":"https:\/\/caribeindustrialpr.com\/contacto\/#breadcrumb","itemListElement":[{"@type":"ListItem","position":1,"name":"Home","item":"https:\/\/caribeindustrialpr.com\/"},{"@type":"ListItem","position":2,"name":"Contacto"}]},{"@type":"WebSite","@id":"https:\/\/caribeindustrialpr.com\/#website","url":"https:\/\/caribeindustrialpr.com\/","name":"Caribe Industrial System, Inc","description":"Flejes metal","publisher":{"@id":"https:\/\/caribeindustrialpr.com\/#organization"},"potentialAction":[{"@type":"SearchAction","target":{"@type":"EntryPoint","urlTemplate":"https:\/\/caribeindustrialpr.com\/?s={search_term_string}"},"query-input":{"@type":"PropertyValueSpecification","valueRequired":true,"valueName":"search_term_string"}}],"inLanguage":"en-US"},{"@type":"Organization","@id":"https:\/\/caribeindustrialpr.com\/#organization","name":"Caribe Industrial System, Inc","url":"https:\/\/caribeindustrialpr.com\/","logo":{"@type":"ImageObject","inLanguage":"en-US","@id":"https:\/\/caribeindustrialpr.com\/#\/schema\/logo\/image\/","url":"https:\/\/caribeindustrialpr.com\/wp-content\/uploads\/2023\/03\/Logo-0000-removebg-preview.png","contentUrl":"https:\/\/caribeindustrialpr.com\/wp-content\/uploads\/2023\/03\/Logo-0000-removebg-preview.png","width":249,"height":111,"caption":"Caribe Industrial System, Inc"},"image":{"@id":"https:\/\/caribeindustrialpr.com\/#\/schema\/logo\/image\/"}}]}},"_hostinger_reach_plugin_has_subscription_block":false,"_hostinger_reach_plugin_is_elementor":false,"_links":{"self":[{"href":"https:\/\/caribeindustrialpr.com\/en\/wp-json\/wp\/v2\/pages\/444","targetHints":{"allow":["GET"]}}],"collection":[{"href":"https:\/\/caribeindustrialpr.com\/en\/wp-json\/wp\/v2\/pages"}],"about":[{"href":"https:\/\/caribeindustrialpr.com\/en\/wp-json\/wp\/v2\/types\/page"}],"author":[{"embeddable":true,"href":"https:\/\/caribeindustrialpr.com\/en\/wp-json\/wp\/v2\/users\/3"}],"replies":[{"embeddable":true,"href":"https:\/\/caribeindustrialpr.com\/en\/wp-json\/wp\/v2\/comments?post=444"}],"version-history":[{"count":61,"href":"https:\/\/caribeindustrialpr.com\/en\/wp-json\/wp\/v2\/pages\/444\/revisions"}],"predecessor-version":[{"id":688,"href":"https:\/\/caribeindustrialpr.com\/en\/wp-json\/wp\/v2\/pages\/444\/revisions\/688"}],"wp:attachment":[{"href":"https:\/\/caribeindustrialpr.com\/en\/wp-json\/wp\/v2\/media?parent=444"}],"curies":[{"name":"wp","href":"https:\/\/api.w.org\/{rel}","templated":true}]}}